{"id":301,"date":"2025-08-31T15:31:09","date_gmt":"2025-08-31T13:31:09","guid":{"rendered":"http:\/\/colombe-production.com\/new\/?page_id=301"},"modified":"2025-08-31T16:28:06","modified_gmt":"2025-08-31T14:28:06","slug":"politique-de-confidentialite-2","status":"publish","type":"page","link":"http:\/\/colombe-production.com\/new\/politique-de-confidentialite-2\/","title":{"rendered":"Politique de confidentialit\u00e9"},"content":{"rendered":"\t\t<div data-elementor-type=\"wp-page\" data-elementor-id=\"301\" class=\"elementor elementor-301\" data-elementor-post-type=\"page\">\n\t\t\t\t<div class=\"elementor-element elementor-element-12db1bb e-flex e-con-boxed e-con e-parent\" data-id=\"12db1bb\" data-element_type=\"container\" data-settings=\"{&quot;background_background&quot;:&quot;classic&quot;}\">\n\t\t\t\t\t<div class=\"e-con-inner\">\n\t\t<div class=\"elementor-element elementor-element-61f0144 e-con-full e-flex e-con e-child\" data-id=\"61f0144\" data-element_type=\"container\">\n\t\t\t\t<div class=\"elementor-element elementor-element-2c9e2ab elementor-invisible elementor-widget elementor-widget-heading\" data-id=\"2c9e2ab\" data-element_type=\"widget\" data-settings=\"{&quot;_animation&quot;:&quot;fadeInUp&quot;}\" data-widget_type=\"heading.default\">\n\t\t\t\t<div class=\"elementor-widget-container\">\n\t\t\t\t\t<h1 class=\"elementor-heading-title elementor-size-default\">Politique de confidentialit\u00e9<\/h1>\t\t\t\t<\/div>\n\t\t\t\t<\/div>\n\t\t\t\t<\/div>\n\t\t\t\t\t<\/div>\n\t\t\t\t<\/div>\n\t\t<div class=\"elementor-element elementor-element-f867bf4 e-flex e-con-boxed e-con e-parent\" data-id=\"f867bf4\" data-element_type=\"container\">\n\t\t\t\t\t<div class=\"e-con-inner\">\n\t\t\t\t<div class=\"elementor-element elementor-element-e17693d elementor-widget elementor-widget-heading\" data-id=\"e17693d\" data-element_type=\"widget\" data-widget_type=\"heading.default\">\n\t\t\t\t<div class=\"elementor-widget-container\">\n\t\t\t\t\t<h2 class=\"elementor-heading-title elementor-size-default\">1. Introduction<\/h2>\t\t\t\t<\/div>\n\t\t\t\t<\/div>\n\t\t\t\t<div class=\"elementor-element elementor-element-3a40b98 elementor-widget elementor-widget-text-editor\" data-id=\"3a40b98\" data-element_type=\"widget\" data-widget_type=\"text-editor.default\">\n\t\t\t\t<div class=\"elementor-widget-container\">\n\t\t\t\t\t\t\t\t\t<p>La pr\u00e9sente Politique de confidentialit\u00e9 explique comment <strong data-start=\"305\" data-end=\"327\">Colombe Production<\/strong> collecte, utilise et prot\u00e8ge les donn\u00e9es personnelles des utilisateurs de son site <strong data-start=\"411\" data-end=\"437\">colombe-production.com<\/strong> (ci-apr\u00e8s le &#8220;Site&#8221;).<br data-start=\"459\" data-end=\"462\" \/>En utilisant le Site, vous acceptez les pratiques d\u00e9crites dans cette politique.<\/p>\t\t\t\t\t\t\t\t<\/div>\n\t\t\t\t<\/div>\n\t\t\t\t<div class=\"elementor-element elementor-element-477faf0 elementor-widget elementor-widget-heading\" data-id=\"477faf0\" data-element_type=\"widget\" data-widget_type=\"heading.default\">\n\t\t\t\t<div class=\"elementor-widget-container\">\n\t\t\t\t\t<h2 class=\"elementor-heading-title elementor-size-default\">2. Donn\u00e9es collect\u00e9es<\/h2>\t\t\t\t<\/div>\n\t\t\t\t<\/div>\n\t\t\t\t<div class=\"elementor-element elementor-element-fd745ce elementor-widget elementor-widget-text-editor\" data-id=\"fd745ce\" data-element_type=\"widget\" data-widget_type=\"text-editor.default\">\n\t\t\t\t<div class=\"elementor-widget-container\">\n\t\t\t\t\t\t\t\t\t<p data-start=\"574\" data-end=\"627\">Nous pouvons collecter les informations suivantes :<\/p><ul data-start=\"628\" data-end=\"886\"><li data-start=\"628\" data-end=\"679\"><p data-start=\"630\" data-end=\"679\">Donn\u00e9es d\u2019identification (nom, pr\u00e9nom, soci\u00e9t\u00e9)<\/p><\/li><li data-start=\"680\" data-end=\"714\"><p data-start=\"682\" data-end=\"714\">Coordonn\u00e9es (email, t\u00e9l\u00e9phone)<\/p><\/li><li data-start=\"715\" data-end=\"804\"><p data-start=\"717\" data-end=\"804\">Informations fournies via nos formulaires de contact ou d\u2019inscription \u00e0 la newsletter<\/p><\/li><li data-start=\"805\" data-end=\"886\"><p data-start=\"807\" data-end=\"886\">Donn\u00e9es de navigation (cookies, adresse IP, statistiques anonymes de visites)<\/p><\/li><\/ul>\t\t\t\t\t\t\t\t<\/div>\n\t\t\t\t<\/div>\n\t\t\t\t<div class=\"elementor-element elementor-element-7af8941 elementor-widget elementor-widget-heading\" data-id=\"7af8941\" data-element_type=\"widget\" data-widget_type=\"heading.default\">\n\t\t\t\t<div class=\"elementor-widget-container\">\n\t\t\t\t\t<h2 class=\"elementor-heading-title elementor-size-default\">3. Utilisation des donn\u00e9es<\/h2>\t\t\t\t<\/div>\n\t\t\t\t<\/div>\n\t\t\t\t<div class=\"elementor-element elementor-element-eb17815 elementor-widget elementor-widget-text-editor\" data-id=\"eb17815\" data-element_type=\"widget\" data-widget_type=\"text-editor.default\">\n\t\t\t\t<div class=\"elementor-widget-container\">\n\t\t\t\t\t\t\t\t\t<p data-start=\"921\" data-end=\"967\">Les donn\u00e9es collect\u00e9es sont utilis\u00e9es pour :<\/p><ul data-start=\"968\" data-end=\"1207\"><li data-start=\"968\" data-end=\"1015\"><p data-start=\"970\" data-end=\"1015\">R\u00e9pondre \u00e0 vos demandes de contact ou devis<\/p><\/li><li data-start=\"1016\" data-end=\"1090\"><p data-start=\"1018\" data-end=\"1090\">G\u00e9rer votre inscription \u00e0 la newsletter et vous envoyer nos actualit\u00e9s<\/p><\/li><li data-start=\"1091\" data-end=\"1151\"><p data-start=\"1093\" data-end=\"1151\">Am\u00e9liorer le contenu et l\u2019exp\u00e9rience utilisateur du Site<\/p><\/li><li data-start=\"1152\" data-end=\"1207\"><p data-start=\"1154\" data-end=\"1207\">Respecter nos obligations l\u00e9gales et r\u00e9glementaires<\/p><\/li><\/ul>\t\t\t\t\t\t\t\t<\/div>\n\t\t\t\t<\/div>\n\t\t\t\t<div class=\"elementor-element elementor-element-172a136 elementor-widget elementor-widget-heading\" data-id=\"172a136\" data-element_type=\"widget\" data-widget_type=\"heading.default\">\n\t\t\t\t<div class=\"elementor-widget-container\">\n\t\t\t\t\t<h2 class=\"elementor-heading-title elementor-size-default\">4. Partage des donn\u00e9es<\/h2>\t\t\t\t<\/div>\n\t\t\t\t<\/div>\n\t\t\t\t<div class=\"elementor-element elementor-element-37cd22f elementor-widget elementor-widget-text-editor\" data-id=\"37cd22f\" data-element_type=\"widget\" data-widget_type=\"text-editor.default\">\n\t\t\t\t<div class=\"elementor-widget-container\">\n\t\t\t\t\t\t\t\t\t<p>Les donn\u00e9es ne sont jamais vendues ni c\u00e9d\u00e9es \u00e0 des tiers.<br data-start=\"1295\" data-end=\"1298\" \/>Elles peuvent \u00eatre transmises uniquement \u00e0 des prestataires techniques (h\u00e9bergement, outil d\u2019envoi de newsletter) dans le strict cadre de leur mission.<\/p>\t\t\t\t\t\t\t\t<\/div>\n\t\t\t\t<\/div>\n\t\t\t\t<div class=\"elementor-element elementor-element-d22ee3c elementor-widget elementor-widget-heading\" data-id=\"d22ee3c\" data-element_type=\"widget\" data-widget_type=\"heading.default\">\n\t\t\t\t<div class=\"elementor-widget-container\">\n\t\t\t\t\t<h2 class=\"elementor-heading-title elementor-size-default\">5. Dur\u00e9e de conservation<\/h2>\t\t\t\t<\/div>\n\t\t\t\t<\/div>\n\t\t\t\t<div class=\"elementor-element elementor-element-138d619 elementor-widget elementor-widget-text-editor\" data-id=\"138d619\" data-element_type=\"widget\" data-widget_type=\"text-editor.default\">\n\t\t\t\t<div class=\"elementor-widget-container\">\n\t\t\t\t\t\t\t\t\t<ul><li data-start=\"1484\" data-end=\"1567\"><p data-start=\"1486\" data-end=\"1567\">Donn\u00e9es de contact : conserv\u00e9es le temps n\u00e9cessaire au traitement de la demande<\/p><\/li><li data-start=\"1568\" data-end=\"1644\"><p data-start=\"1570\" data-end=\"1644\">Donn\u00e9es li\u00e9es \u00e0 la newsletter : jusqu\u2019\u00e0 d\u00e9sinscription par l\u2019utilisateur<\/p><\/li><li data-start=\"1645\" data-end=\"1684\"><p data-start=\"1647\" data-end=\"1684\">Cookies : dur\u00e9e maximale de 13 mois<\/p><\/li><\/ul>\t\t\t\t\t\t\t\t<\/div>\n\t\t\t\t<\/div>\n\t\t\t\t<div class=\"elementor-element elementor-element-9b09982 elementor-widget elementor-widget-heading\" data-id=\"9b09982\" data-element_type=\"widget\" data-widget_type=\"heading.default\">\n\t\t\t\t<div class=\"elementor-widget-container\">\n\t\t\t\t\t<h2 class=\"elementor-heading-title elementor-size-default\">6. S\u00e9curit\u00e9<\/h2>\t\t\t\t<\/div>\n\t\t\t\t<\/div>\n\t\t\t\t<div class=\"elementor-element elementor-element-019702c elementor-widget elementor-widget-text-editor\" data-id=\"019702c\" data-element_type=\"widget\" data-widget_type=\"text-editor.default\">\n\t\t\t\t<div class=\"elementor-widget-container\">\n\t\t\t\t\t\t\t\t\t<p>Colombe Production met en place toutes les mesures n\u00e9cessaires pour prot\u00e9ger les donn\u00e9es personnelles contre l\u2019acc\u00e8s non autoris\u00e9, l\u2019alt\u00e9ration ou la suppression.<\/p>\t\t\t\t\t\t\t\t<\/div>\n\t\t\t\t<\/div>\n\t\t\t\t<div class=\"elementor-element elementor-element-cd2c0e6 elementor-widget elementor-widget-heading\" data-id=\"cd2c0e6\" data-element_type=\"widget\" data-widget_type=\"heading.default\">\n\t\t\t\t<div class=\"elementor-widget-container\">\n\t\t\t\t\t<h2 class=\"elementor-heading-title elementor-size-default\">7. Droits des utilisateurs<\/h2>\t\t\t\t<\/div>\n\t\t\t\t<\/div>\n\t\t\t\t<div class=\"elementor-element elementor-element-37f9e62 elementor-widget elementor-widget-text-editor\" data-id=\"37f9e62\" data-element_type=\"widget\" data-widget_type=\"text-editor.default\">\n\t\t\t\t<div class=\"elementor-widget-container\">\n\t\t\t\t\t\t\t\t\t<p data-start=\"1903\" data-end=\"2012\">Conform\u00e9ment au R\u00e8glement G\u00e9n\u00e9ral sur la Protection des Donn\u00e9es (RGPD), vous disposez des droits suivants :<\/p><ul data-start=\"2013\" data-end=\"2181\"><li data-start=\"2013\" data-end=\"2081\"><p data-start=\"2015\" data-end=\"2081\">Droit d\u2019acc\u00e8s, de rectification et de suppression de vos donn\u00e9es<\/p><\/li><li data-start=\"2082\" data-end=\"2139\"><p data-start=\"2084\" data-end=\"2139\">Droit \u00e0 la limitation ou \u00e0 l\u2019opposition du traitement<\/p><\/li><li data-start=\"2140\" data-end=\"2181\"><p data-start=\"2142\" data-end=\"2181\">Droit \u00e0 la portabilit\u00e9 de vos donn\u00e9es<\/p><\/li><\/ul><p data-start=\"2183\" data-end=\"2263\">Pour exercer ces droits, contactez-nous \u00e0 : <strong data-start=\"2227\" data-end=\"2261\">contact@colombe-production.com<\/strong><\/p>\t\t\t\t\t\t\t\t<\/div>\n\t\t\t\t<\/div>\n\t\t\t\t<div class=\"elementor-element elementor-element-b361d0c elementor-widget elementor-widget-heading\" data-id=\"b361d0c\" data-element_type=\"widget\" data-widget_type=\"heading.default\">\n\t\t\t\t<div class=\"elementor-widget-container\">\n\t\t\t\t\t<h2 class=\"elementor-heading-title elementor-size-default\">8. Cookies<\/h2>\t\t\t\t<\/div>\n\t\t\t\t<\/div>\n\t\t\t\t<div class=\"elementor-element elementor-element-b90b569 elementor-widget elementor-widget-text-editor\" data-id=\"b90b569\" data-element_type=\"widget\" data-widget_type=\"text-editor.default\">\n\t\t\t\t<div class=\"elementor-widget-container\">\n\t\t\t\t\t\t\t\t\t<p>Le Site utilise des cookies pour am\u00e9liorer l\u2019exp\u00e9rience utilisateur et analyser l\u2019audience. Vous pouvez \u00e0 tout moment configurer votre navigateur pour refuser ou limiter les cookies.<\/p>\t\t\t\t\t\t\t\t<\/div>\n\t\t\t\t<\/div>\n\t\t\t\t<div class=\"elementor-element elementor-element-45c0d26 elementor-widget elementor-widget-heading\" data-id=\"45c0d26\" data-element_type=\"widget\" data-widget_type=\"heading.default\">\n\t\t\t\t<div class=\"elementor-widget-container\">\n\t\t\t\t\t<h2 class=\"elementor-heading-title elementor-size-default\">9. Modification de la politique<\/h2>\t\t\t\t<\/div>\n\t\t\t\t<\/div>\n\t\t\t\t<div class=\"elementor-element elementor-element-ad12101 elementor-widget elementor-widget-text-editor\" data-id=\"ad12101\" data-element_type=\"widget\" data-widget_type=\"text-editor.default\">\n\t\t\t\t<div class=\"elementor-widget-container\">\n\t\t\t\t\t\t\t\t\t<p data-start=\"2506\" data-end=\"2657\">Colombe Production se r\u00e9serve le droit de modifier la pr\u00e9sente Politique de confidentialit\u00e9. La date de mise \u00e0 jour sera indiqu\u00e9e en haut de la page.<\/p>\t\t\t\t\t\t\t\t<\/div>\n\t\t\t\t<\/div>\n\t\t\t\t\t<\/div>\n\t\t\t\t<\/div>\n\t\t\t\t<\/div>\n\t\t","protected":false},"excerpt":{"rendered":"<p>Politique de confidentialit\u00e9 1. Introduction La pr\u00e9sente Politique de confidentialit\u00e9 explique comment Colombe Production collecte, utilise et prot\u00e8ge les donn\u00e9es personnelles des utilisateurs de son site colombe-production.com (ci-apr\u00e8s le &#8220;Site&#8221;).En utilisant le Site, vous acceptez les pratiques d\u00e9crites dans cette politique. 2. Donn\u00e9es collect\u00e9es Nous pouvons collecter les informations suivantes : Donn\u00e9es d\u2019identification (nom, pr\u00e9nom, [&hellip;]<\/p>\n","protected":false},"author":1,"featured_media":0,"parent":0,"menu_order":0,"comment_status":"closed","ping_status":"closed","template":"","meta":{"footnotes":""},"class_list":["post-301","page","type-page","status-publish","hentry"],"_links":{"self":[{"href":"http:\/\/colombe-production.com\/new\/wp-json\/wp\/v2\/pages\/301","targetHints":{"allow":["GET"]}}],"collection":[{"href":"http:\/\/colombe-production.com\/new\/wp-json\/wp\/v2\/pages"}],"about":[{"href":"http:\/\/colombe-production.com\/new\/wp-json\/wp\/v2\/types\/page"}],"author":[{"embeddable":true,"href":"http:\/\/colombe-production.com\/new\/wp-json\/wp\/v2\/users\/1"}],"replies":[{"embeddable":true,"href":"http:\/\/colombe-production.com\/new\/wp-json\/wp\/v2\/comments?post=301"}],"version-history":[{"count":13,"href":"http:\/\/colombe-production.com\/new\/wp-json\/wp\/v2\/pages\/301\/revisions"}],"predecessor-version":[{"id":349,"href":"http:\/\/colombe-production.com\/new\/wp-json\/wp\/v2\/pages\/301\/revisions\/349"}],"wp:attachment":[{"href":"http:\/\/colombe-production.com\/new\/wp-json\/wp\/v2\/media?parent=301"}],"curies":[{"name":"wp","href":"https:\/\/api.w.org\/{rel}","templated":true}]}}